{"id":8907,"date":"2020-03-16T19:55:27","date_gmt":"2020-03-16T17:55:27","guid":{"rendered":"https:\/\/dev.hypoteq.ch\/impronta\/"},"modified":"2024-10-16T21:00:34","modified_gmt":"2024-10-16T19:00:34","slug":"impronta","status":"publish","type":"page","link":"https:\/\/www.hypoteq.ch\/it\/impronta\/","title":{"rendered":"Impronta"},"content":{"rendered":"\t\t<div data-elementor-type=\"wp-page\" data-elementor-id=\"8907\" class=\"elementor elementor-8907 elementor-311\">\n\t\t\t\t\t\t<section class=\"elementor-section elementor-top-section elementor-element elementor-element-3eec94b elementor-section-boxed elementor-section-height-default elementor-section-height-default\" data-id=\"3eec94b\" data-element_type=\"section\">\n\t\t\t\t\t\t<div class=\"elementor-container elementor-column-gap-default\">\n\t\t\t\t\t<div class=\"elementor-column elementor-col-100 elementor-top-column elementor-element elementor-element-4535a1e\" data-id=\"4535a1e\" data-element_type=\"column\">\n\t\t\t<div class=\"elementor-widget-wrap elementor-element-populated\">\n\t\t\t\t\t\t<div class=\"elementor-element elementor-element-db236f4 elementor-widget elementor-widget-heading\" data-id=\"db236f4\" data-element_type=\"widget\" data-widget_type=\"heading.default\">\n\t\t\t\t<div class=\"elementor-widget-container\">\n\t\t\t\t\t<h2 class=\"elementor-heading-title elementor-size-default\">Impronta<\/h2>\t\t\t\t<\/div>\n\t\t\t\t<\/div>\n\t\t\t\t\t<\/div>\n\t\t<\/div>\n\t\t\t\t\t<\/div>\n\t\t<\/section>\n\t\t\t\t<section class=\"elementor-section elementor-top-section elementor-element elementor-element-6f2027e elementor-section-boxed elementor-section-height-default elementor-section-height-default\" data-id=\"6f2027e\" data-element_type=\"section\">\n\t\t\t\t\t\t<div class=\"elementor-container elementor-column-gap-default\">\n\t\t\t\t\t<div class=\"elementor-column elementor-col-100 elementor-top-column elementor-element elementor-element-9ddaab4\" data-id=\"9ddaab4\" data-element_type=\"column\">\n\t\t\t<div class=\"elementor-widget-wrap elementor-element-populated\">\n\t\t\t\t\t\t<div class=\"elementor-element elementor-element-6864f5f elementor-widget elementor-widget-text-editor\" data-id=\"6864f5f\" data-element_type=\"widget\" data-widget_type=\"text-editor.default\">\n\t\t\t\t<div class=\"elementor-widget-container\">\n\t\t\t\t\t\t\t\t\t<h3>Indirizzo di contatto<\/h3>\n<p>HYPOTEQ AG<br>Landvogt Waser-Str. 65<br>8405 Winterthur<br>Svizzera<br>info@hypoteq.ch<br>044 564 73 70<\/p>\n<p>UID: CHE-249.716.201<\/p>\n<h3>Persone autorizzate a rappresentare l&#8217;azienda<\/h3>\n<p>&nbsp;Christian Neff, Davide Iuorno, Markus Abeler<\/p>\n<h3>Esclusione di responsabilit\u00e0<\/h3>\n<p>L&#8217;autore non si assume alcuna responsabilit\u00e0 per la correttezza, l&#8217;accuratezza, l&#8217;attualit\u00e0, l&#8217;affidabilit\u00e0 e la completezza delle informazioni fornite.\nSono escluse le richieste di responsabilit\u00e0 nei confronti dell&#8217;autore per danni di natura materiale o immateriale derivanti dall&#8217;accesso, dall&#8217;uso o dal mancato uso delle informazioni pubblicate, dall&#8217;uso improprio della connessione o da guasti tecnici.\nTutte le offerte non sono vincolanti.\nL&#8217;autore si riserva espressamente il diritto di modificare, integrare o cancellare parti delle pagine o l&#8217;intera offerta senza preavviso o di interrompere temporaneamente o definitivamente la pubblicazione.   <\/p>\n<h3>Responsabilit\u00e0 per i link<\/h3>\n<p>I riferimenti e i link a siti web di terzi non rientrano nella nostra sfera di responsabilit\u00e0.\nSi rifiuta qualsiasi responsabilit\u00e0 per tali siti web.\nL&#8217;accesso e l&#8217;utilizzo di tali siti web \u00e8 a rischio dell&#8217;utente.  <\/p>\n<h3>Diritti d&#8217;autore<\/h3>\n<p>Il copyright e tutti gli altri diritti su contenuti, immagini, foto o altri file presenti sul sito web appartengono esclusivamente a HYPOTEQ AG o ai titolari dei diritti specificatamente indicati.\nPer la riproduzione di qualsiasi elemento \u00e8 necessario ottenere preventivamente il consenso scritto del titolare del copyright. <\/p>\n<h2>Informativa sulla privacy<\/h2>\n<h3>1. raccolta, elaborazione e utilizzo dei dati personali<\/h3>\n<p>Non raccogliamo alcun dato personale da lei quando visita questo sito web.\nI dati personali vengono raccolti solo se ce li fornisce lei stesso tramite il nostro modulo di contatto o di richiesta.\nQuesti dati vengono utilizzati esclusivamente per rispondere alla sua richiesta.  <\/p>\n<h3>2. utilizzo di cookie propri<\/h3>\n<p>Quando si accede a determinate pagine, viene impostato un cosiddetto &#8220;cookie di sessione&#8221;.\nSi tratta di un piccolo file di testo che viene automaticamente cancellato dal suo computer al termine della sessione del browser.\nL&#8217;unico scopo di questo file \u00e8 quello di permetterle di utilizzare alcune applicazioni.\nPu\u00f2 modificare le impostazioni della maggior parte dei browser web, in modo da non accettare nuovi cookie, oppure pu\u00f2 far cancellare i cookie che ha ricevuto.\nDi solito pu\u00f2 scoprire come funziona in modo specifico per il suo browser utilizzando la sua funzione di aiuto.    <\/p>\n<h3>3. file di log del server<\/h3>\n<p>Come per ogni connessione a un server web, il server del nostro provider di web hosting Metanet a Zurigo, Svizzera, registra e memorizza alcuni dati tecnici.\nQuesti dati includono l&#8217;indirizzo IP e il sistema operativo del suo dispositivo, i dati, l&#8217;ora di accesso, il tipo di browser e la richiesta del browser, compresa l&#8217;origine della richiesta (referrer).\nCi\u00f2 \u00e8 necessario per motivi tecnici, al fine di rendere disponibile il nostro sito web.\nIl provider di web hosting utilizza misure tecniche e organizzative per proteggere questi dati da accessi non autorizzati e non li trasmette a terzi.\nQuando trattiamo i dati personali, lo facciamo sulla base del nostro interesse ad offrirle la migliore esperienza utente possibile e a garantire la sicurezza e la stabilit\u00e0 dei nostri sistemi.    <\/p>\n<h3>4. google analytics<\/h3>\n<p>Questo sito web utilizza Google Analytics, un servizio di analisi web fornito da Google Inc, 1600 Amphitheatre Parkway, Mountain View, CA 94043, USA. Google Analytics utilizza i cosiddetti &#8220;cookie&#8221;, ossia file di testo che vengono memorizzati sul suo computer e che consentono di analizzare il suo utilizzo del sito web.<\/p>\n<p>Google utilizza queste informazioni per analizzare il suo utilizzo del sito web per conto dell&#8217;operatore di questo sito web, per compilare rapporti sull&#8217;attivit\u00e0 del sito web e per fornire all&#8217;operatore del sito web altri servizi relativi all&#8217;attivit\u00e0 del sito web e all&#8217;utilizzo di Internet.\nL&#8217;indirizzo IP trasmesso dal suo browser nell&#8217;ambito di Google Analytics non verr\u00e0 unito ad altri dati di Google. <\/p>\n<p>Pu\u00f2 impedire la memorizzazione dei cookie o cancellarli nuovamente effettuando le impostazioni appropriate nel suo browser.<\/p>\n<h3>5. I suoi diritti<\/h3>\n<p>In linea di principio, lei ha i diritti di informazione, rettifica, cancellazione, restrizione, portabilit\u00e0 dei dati, cancellazione e obiezione.\nSe ritiene che il trattamento dei suoi dati violi la legge sulla protezione dei dati o che i suoi diritti di protezione dei dati siano stati violati in qualsiasi altro modo, pu\u00f2 presentare un reclamo all&#8217;autorit\u00e0 di vigilanza. <\/p>\t\t\t\t\t\t\t\t<\/div>\n\t\t\t\t<\/div>\n\t\t\t\t\t<\/div>\n\t\t<\/div>\n\t\t\t\t\t<\/div>\n\t\t<\/section>\n\t\t\t\t<\/div>\n\t\t","protected":false},"excerpt":{"rendered":"<p>Impronta Indirizzo di contatto HYPOTEQ AGLandvogt Waser-Str. 658405 WinterthurSvizzerainfo@hypoteq.ch044 564 73 70 UID: CHE-249.716.201 Persone autorizzate a rappresentare l&#8217;azienda &nbsp;Christian<\/p>\n","protected":false},"author":1,"featured_media":0,"parent":0,"menu_order":0,"comment_status":"closed","ping_status":"closed","template":"","meta":{"_acf_changed":false,"inline_featured_image":false,"footnotes":""},"acf":[],"yoast_head":"<!-- This site is optimized with the Yoast SEO plugin v24.5 - https:\/\/yoast.com\/wordpress\/plugins\/seo\/ -->\n<title>Impronta - HYPOTEQ AG - g\u00fcnstige Hypothek mit Profi-Beratung<\/title>\n<meta name=\"description\" content=\"HYPOTEQ AG - g\u00fcnstige Hypothek mit Profi-Beratung Impronta -\" \/>\n<meta name=\"robots\" content=\"index, follow, max-snippet:-1, max-image-preview:large, max-video-preview:-1\" \/>\n<link rel=\"canonical\" href=\"https:\/\/www.hypoteq.ch\/it\/impronta\/\" \/>\n<meta property=\"og:locale\" content=\"it_IT\" \/>\n<meta property=\"og:type\" content=\"article\" \/>\n<meta property=\"og:title\" content=\"Impronta - HYPOTEQ AG - g\u00fcnstige Hypothek mit Profi-Beratung\" \/>\n<meta property=\"og:description\" content=\"HYPOTEQ AG - g\u00fcnstige Hypothek mit Profi-Beratung Impronta -\" \/>\n<meta property=\"og:url\" content=\"https:\/\/www.hypoteq.ch\/it\/impronta\/\" \/>\n<meta property=\"og:site_name\" content=\"HYPOTEQ AG - g\u00fcnstige Hypothek mit Profi-Beratung\" \/>\n<meta property=\"article:modified_time\" content=\"2024-10-16T19:00:34+00:00\" \/>\n<meta name=\"twitter:card\" content=\"summary_large_image\" \/>\n<meta name=\"twitter:label1\" content=\"Tempo di lettura stimato\" \/>\n\t<meta name=\"twitter:data1\" content=\"3 minuti\" \/>\n<script type=\"application\/ld+json\" class=\"yoast-schema-graph\">{\"@context\":\"https:\/\/schema.org\",\"@graph\":[{\"@type\":\"WebPage\",\"@id\":\"https:\/\/www.hypoteq.ch\/it\/impronta\/\",\"url\":\"https:\/\/www.hypoteq.ch\/it\/impronta\/\",\"name\":\"Impronta - HYPOTEQ AG - g\u00fcnstige Hypothek mit Profi-Beratung\",\"isPartOf\":{\"@id\":\"https:\/\/www.hypoteq.ch\/it\/#website\"},\"datePublished\":\"2020-03-16T17:55:27+00:00\",\"dateModified\":\"2024-10-16T19:00:34+00:00\",\"description\":\"HYPOTEQ AG - g\u00fcnstige Hypothek mit Profi-Beratung Impronta -\",\"breadcrumb\":{\"@id\":\"https:\/\/www.hypoteq.ch\/it\/impronta\/#breadcrumb\"},\"inLanguage\":\"it-IT\",\"potentialAction\":[{\"@type\":\"ReadAction\",\"target\":[\"https:\/\/www.hypoteq.ch\/it\/impronta\/\"]}]},{\"@type\":\"BreadcrumbList\",\"@id\":\"https:\/\/www.hypoteq.ch\/it\/impronta\/#breadcrumb\",\"itemListElement\":[{\"@type\":\"ListItem\",\"position\":1,\"name\":\"Home\",\"item\":\"https:\/\/www.hypoteq.ch\/it\/\"},{\"@type\":\"ListItem\",\"position\":2,\"name\":\"Impronta\"}]},{\"@type\":\"WebSite\",\"@id\":\"https:\/\/www.hypoteq.ch\/it\/#website\",\"url\":\"https:\/\/www.hypoteq.ch\/it\/\",\"name\":\"HYPOTEQ AG - g\u00fcnstige Hypothek mit Profi-Beratung\",\"description\":\"\",\"publisher\":{\"@id\":\"https:\/\/www.hypoteq.ch\/it\/#organization\"},\"potentialAction\":[{\"@type\":\"SearchAction\",\"target\":{\"@type\":\"EntryPoint\",\"urlTemplate\":\"https:\/\/www.hypoteq.ch\/it\/?s={search_term_string}\"},\"query-input\":{\"@type\":\"PropertyValueSpecification\",\"valueRequired\":true,\"valueName\":\"search_term_string\"}}],\"inLanguage\":\"it-IT\"},{\"@type\":\"Organization\",\"@id\":\"https:\/\/www.hypoteq.ch\/it\/#organization\",\"name\":\"HYPOTEQ AG\",\"url\":\"https:\/\/www.hypoteq.ch\/it\/\",\"logo\":{\"@type\":\"ImageObject\",\"inLanguage\":\"it-IT\",\"@id\":\"https:\/\/www.hypoteq.ch\/it\/#\/schema\/logo\/image\/\",\"url\":\"\",\"contentUrl\":\"\",\"caption\":\"HYPOTEQ AG\"},\"image\":{\"@id\":\"https:\/\/www.hypoteq.ch\/it\/#\/schema\/logo\/image\/\"}}]}<\/script>\n<!-- \/ Yoast SEO plugin. -->","yoast_head_json":{"title":"Impronta - HYPOTEQ AG - g\u00fcnstige Hypothek mit Profi-Beratung","description":"HYPOTEQ AG - g\u00fcnstige Hypothek mit Profi-Beratung Impronta -","robots":{"index":"index","follow":"follow","max-snippet":"max-snippet:-1","max-image-preview":"max-image-preview:large","max-video-preview":"max-video-preview:-1"},"canonical":"https:\/\/www.hypoteq.ch\/it\/impronta\/","og_locale":"it_IT","og_type":"article","og_title":"Impronta - HYPOTEQ AG - g\u00fcnstige Hypothek mit Profi-Beratung","og_description":"HYPOTEQ AG - g\u00fcnstige Hypothek mit Profi-Beratung Impronta -","og_url":"https:\/\/www.hypoteq.ch\/it\/impronta\/","og_site_name":"HYPOTEQ AG - g\u00fcnstige Hypothek mit Profi-Beratung","article_modified_time":"2024-10-16T19:00:34+00:00","twitter_card":"summary_large_image","twitter_misc":{"Tempo di lettura stimato":"3 minuti"},"schema":{"@context":"https:\/\/schema.org","@graph":[{"@type":"WebPage","@id":"https:\/\/www.hypoteq.ch\/it\/impronta\/","url":"https:\/\/www.hypoteq.ch\/it\/impronta\/","name":"Impronta - HYPOTEQ AG - g\u00fcnstige Hypothek mit Profi-Beratung","isPartOf":{"@id":"https:\/\/www.hypoteq.ch\/it\/#website"},"datePublished":"2020-03-16T17:55:27+00:00","dateModified":"2024-10-16T19:00:34+00:00","description":"HYPOTEQ AG - g\u00fcnstige Hypothek mit Profi-Beratung Impronta -","breadcrumb":{"@id":"https:\/\/www.hypoteq.ch\/it\/impronta\/#breadcrumb"},"inLanguage":"it-IT","potentialAction":[{"@type":"ReadAction","target":["https:\/\/www.hypoteq.ch\/it\/impronta\/"]}]},{"@type":"BreadcrumbList","@id":"https:\/\/www.hypoteq.ch\/it\/impronta\/#breadcrumb","itemListElement":[{"@type":"ListItem","position":1,"name":"Home","item":"https:\/\/www.hypoteq.ch\/it\/"},{"@type":"ListItem","position":2,"name":"Impronta"}]},{"@type":"WebSite","@id":"https:\/\/www.hypoteq.ch\/it\/#website","url":"https:\/\/www.hypoteq.ch\/it\/","name":"HYPOTEQ AG - g\u00fcnstige Hypothek mit Profi-Beratung","description":"","publisher":{"@id":"https:\/\/www.hypoteq.ch\/it\/#organization"},"potentialAction":[{"@type":"SearchAction","target":{"@type":"EntryPoint","urlTemplate":"https:\/\/www.hypoteq.ch\/it\/?s={search_term_string}"},"query-input":{"@type":"PropertyValueSpecification","valueRequired":true,"valueName":"search_term_string"}}],"inLanguage":"it-IT"},{"@type":"Organization","@id":"https:\/\/www.hypoteq.ch\/it\/#organization","name":"HYPOTEQ AG","url":"https:\/\/www.hypoteq.ch\/it\/","logo":{"@type":"ImageObject","inLanguage":"it-IT","@id":"https:\/\/www.hypoteq.ch\/it\/#\/schema\/logo\/image\/","url":"","contentUrl":"","caption":"HYPOTEQ AG"},"image":{"@id":"https:\/\/www.hypoteq.ch\/it\/#\/schema\/logo\/image\/"}}]}},"_links":{"self":[{"href":"https:\/\/www.hypoteq.ch\/it\/wp-json\/wp\/v2\/pages\/8907"}],"collection":[{"href":"https:\/\/www.hypoteq.ch\/it\/wp-json\/wp\/v2\/pages"}],"about":[{"href":"https:\/\/www.hypoteq.ch\/it\/wp-json\/wp\/v2\/types\/page"}],"author":[{"embeddable":true,"href":"https:\/\/www.hypoteq.ch\/it\/wp-json\/wp\/v2\/users\/1"}],"replies":[{"embeddable":true,"href":"https:\/\/www.hypoteq.ch\/it\/wp-json\/wp\/v2\/comments?post=8907"}],"version-history":[{"count":2,"href":"https:\/\/www.hypoteq.ch\/it\/wp-json\/wp\/v2\/pages\/8907\/revisions"}],"predecessor-version":[{"id":10399,"href":"https:\/\/www.hypoteq.ch\/it\/wp-json\/wp\/v2\/pages\/8907\/revisions\/10399"}],"wp:attachment":[{"href":"https:\/\/www.hypoteq.ch\/it\/wp-json\/wp\/v2\/media?parent=8907"}],"curies":[{"name":"wp","href":"https:\/\/api.w.org\/{rel}","templated":true}]}}