{"id":8911,"date":"2020-03-16T19:55:27","date_gmt":"2020-03-16T17:55:27","guid":{"rendered":"https:\/\/dev.hypoteq.ch\/mentions-legales\/"},"modified":"2024-08-21T09:14:09","modified_gmt":"2024-08-21T07:14:09","slug":"mentions-legales","status":"publish","type":"page","link":"https:\/\/www.hypoteq.ch\/fr\/mentions-legales\/","title":{"rendered":"Mentions l\u00e9gales"},"content":{"rendered":"\t\t<div data-elementor-type=\"wp-page\" data-elementor-id=\"8911\" class=\"elementor elementor-8911 elementor-311\">\n\t\t\t\t\t\t<section class=\"elementor-section elementor-top-section elementor-element elementor-element-3eec94b elementor-section-boxed elementor-section-height-default elementor-section-height-default\" data-id=\"3eec94b\" data-element_type=\"section\">\n\t\t\t\t\t\t<div class=\"elementor-container elementor-column-gap-default\">\n\t\t\t\t\t<div class=\"elementor-column elementor-col-100 elementor-top-column elementor-element elementor-element-4535a1e\" data-id=\"4535a1e\" data-element_type=\"column\">\n\t\t\t<div class=\"elementor-widget-wrap elementor-element-populated\">\n\t\t\t\t\t\t<div class=\"elementor-element elementor-element-db236f4 elementor-widget elementor-widget-heading\" data-id=\"db236f4\" data-element_type=\"widget\" data-widget_type=\"heading.default\">\n\t\t\t\t<div class=\"elementor-widget-container\">\n\t\t\t\t\t<h2 class=\"elementor-heading-title elementor-size-default\">Mentions l\u00e9gales<\/h2>\t\t\t\t<\/div>\n\t\t\t\t<\/div>\n\t\t\t\t\t<\/div>\n\t\t<\/div>\n\t\t\t\t\t<\/div>\n\t\t<\/section>\n\t\t\t\t<section class=\"elementor-section elementor-top-section elementor-element elementor-element-6f2027e elementor-section-boxed elementor-section-height-default elementor-section-height-default\" data-id=\"6f2027e\" data-element_type=\"section\">\n\t\t\t\t\t\t<div class=\"elementor-container elementor-column-gap-default\">\n\t\t\t\t\t<div class=\"elementor-column elementor-col-100 elementor-top-column elementor-element elementor-element-9ddaab4\" data-id=\"9ddaab4\" data-element_type=\"column\">\n\t\t\t<div class=\"elementor-widget-wrap elementor-element-populated\">\n\t\t\t\t\t\t<div class=\"elementor-element elementor-element-6864f5f elementor-widget elementor-widget-text-editor\" data-id=\"6864f5f\" data-element_type=\"widget\" data-widget_type=\"text-editor.default\">\n\t\t\t\t<div class=\"elementor-widget-container\">\n\t\t\t\t\t\t\t\t\t<h3>Adresse de contact<\/h3>\n<p>HYPOTEQ AG<br>Landvogt Waser-Str.\n65<br>8405 Winterthur<br>Suisse<br>info@hypoteq.ch<br>044 564 73 70 <\/p>\n<p>UID : CHE-249.716.201<\/p>\n<h3>Personnes autoris\u00e9es \u00e0 repr\u00e9senter l&rsquo;entreprise<\/h3>\n<p>Christian Neff,&nbsp;Davide Iuorno, Markus Abeler<\/p>\n<h3>Clause de non-responsabilit\u00e9<\/h3>\n<p>L&rsquo;auteur n&rsquo;assume aucune responsabilit\u00e9 quant \u00e0 l&rsquo;exactitude, la pr\u00e9cision, l&rsquo;actualit\u00e9, la fiabilit\u00e9 et l&rsquo;exhaustivit\u00e9 du contenu des informations.\nL&rsquo;auteur ne saurait \u00eatre tenu pour responsable des dommages mat\u00e9riels ou immat\u00e9riels qui pourraient \u00eatre caus\u00e9s par l&rsquo;acc\u00e8s aux informations diffus\u00e9es ou par leur utilisation ou non-utilisation, par le mauvais usage de la connexion ou par des probl\u00e8mes techniques.\nToutes les offres sont sans engagement.\nL&rsquo;auteur se r\u00e9serve express\u00e9ment le droit de modifier, de compl\u00e9ter ou de supprimer des parties de pages ou l&rsquo;ensemble de l&rsquo;offre sans avis pr\u00e9alable, ou d&rsquo;en suspendre temporairement ou d\u00e9finitivement la publication.   <\/p>\n<h3>Responsabilit\u00e9 des liens<\/h3>\n<p>Les renvois et liens vers des sites web de tiers ne rel\u00e8vent pas de notre responsabilit\u00e9.\nNous d\u00e9clinons toute responsabilit\u00e9 pour de tels sites.\nL&rsquo;acc\u00e8s \u00e0 ces sites et leur utilisation se font aux risques de l&rsquo;utilisateur.  <\/p>\n<h3>Droits d&rsquo;auteur<\/h3>\n<p>Les droits d&rsquo;auteur et tous les autres droits li\u00e9s aux contenus, images, photos ou autres fichiers pr\u00e9sents sur le site Internet appartiennent exclusivement \u00e0 la soci\u00e9t\u00e9 HYPOTEQ AG ou aux titulaires de droits sp\u00e9cialement cit\u00e9s.\nL&rsquo;autorisation \u00e9crite des d\u00e9tenteurs des droits d&rsquo;auteur doit \u00eatre obtenue au pr\u00e9alable pour la reproduction de tout \u00e9l\u00e9ment. <\/p>\n<h2>D\u00e9claration de confidentialit\u00e9<\/h2>\n<h3>1. collecte, traitement et utilisation des donn\u00e9es \u00e0 caract\u00e8re personnel<\/h3>\n<p>Nous ne collectons pas de donn\u00e9es personnelles lors de votre visite sur ce site.\nLes donn\u00e9es personnelles ne sont collect\u00e9es que si vous nous les communiquez vous-m\u00eame via notre formulaire de contact ou de demande.\nCes donn\u00e9es seront utilis\u00e9es exclusivement pour r\u00e9pondre \u00e0 votre demande.  <\/p>\n<h3>2. utilisation de cookies propres<\/h3>\n<p>Lorsque vous consultez certaines pages, un \u00ab\u00a0cookie de session\u00a0\u00bb est cr\u00e9\u00e9.\nIl s&rsquo;agit d&rsquo;un petit fichier texte qui est automatiquement supprim\u00e9 de votre ordinateur \u00e0 la fin de la session de navigation.\nCe fichier sert uniquement \u00e0 pouvoir utiliser certaines applications.\nVous pouvez modifier les param\u00e8tres de la plupart des navigateurs web de mani\u00e8re \u00e0 ce que votre navigateur n&rsquo;accepte pas les nouveaux cookies ou vous pouvez demander la suppression des cookies re\u00e7us.\nPour savoir comment cela fonctionne concr\u00e8tement pour votre navigateur, vous pouvez g\u00e9n\u00e9ralement consulter sa fonction d&rsquo;aide.    <\/p>\n<h3>3. les fichiers journaux du serveur<\/h3>\n<p>Comme pour toute connexion \u00e0 un serveur web, le serveur de notre fournisseur d&rsquo;h\u00e9bergement Metanet \u00e0 Zurich, Suisse, enregistre et stocke certaines donn\u00e9es techniques.\nCes donn\u00e9es comprennent l&rsquo;adresse IP et le syst\u00e8me d&rsquo;exploitation de votre appareil, les dates, l&rsquo;heure d&rsquo;acc\u00e8s, le type de navigateur et la requ\u00eate du navigateur, y compris l&rsquo;origine de la requ\u00eate (r\u00e9f\u00e9rent).\nCeci est n\u00e9cessaire pour des raisons techniques afin de mettre notre site web \u00e0 votre disposition.\nLe fournisseur d&rsquo;h\u00e9bergement web prot\u00e8ge ces donn\u00e9es contre les acc\u00e8s non autoris\u00e9s gr\u00e2ce \u00e0 des mesures techniques et organisationnelles et ne les transmet pas \u00e0 des tiers.\nDans la mesure o\u00f9 nous traitons ainsi des donn\u00e9es personnelles, nous le faisons en raison de notre int\u00e9r\u00eat \u00e0 vous offrir la meilleure exp\u00e9rience utilisateur possible et \u00e0 garantir la s\u00e9curit\u00e9 et la stabilit\u00e9 de nos syst\u00e8mes.    <\/p>\n<h3>4. Google Analytics<\/h3>\n<p>Ce site utilise Google Analytics, un service d&rsquo;analyse de site internet fourni par Google Inc, 1600 Amphitheatre Parkway, Mountain View, CA 94043, \u00c9tats-Unis. Google Analytics utilise des \u00ab\u00a0cookies\u00a0\u00bb, c&rsquo;est-\u00e0-dire des fichiers texte qui sont enregistr\u00e9s sur votre ordinateur et qui permettent d&rsquo;analyser votre utilisation du site web.<\/p>\n<p>Google utilisera cette information dans le but d&rsquo;\u00e9valuer votre utilisation du site pour le compte de l&rsquo;op\u00e9rateur du site, de compiler des rapports sur l&rsquo;activit\u00e9 du site et de fournir d&rsquo;autres services relatifs \u00e0 l&rsquo;activit\u00e9 du site et \u00e0 l&rsquo;utilisation d&rsquo;Internet \u00e0 l&rsquo;op\u00e9rateur du site.\nL&rsquo;adresse IP transmise par votre navigateur dans le cadre de Google Analytics ne sera pas recoup\u00e9e avec d&rsquo;autres donn\u00e9es de Google. <\/p>\n<p>Vous pouvez emp\u00eacher l&rsquo;enregistrement des cookies ou les supprimer en configurant votre navigateur en cons\u00e9quence.<\/p>\n<h3>5. vos droits<\/h3>\n<p>Vous disposez en principe des droits d&rsquo;acc\u00e8s, de rectification, d&rsquo;effacement, de limitation, de portabilit\u00e9 des donn\u00e9es, de r\u00e9vocation et d&rsquo;opposition.\nSi vous pensez que le traitement de vos donn\u00e9es enfreint la l\u00e9gislation sur la protection des donn\u00e9es ou que vos droits en mati\u00e8re de protection des donn\u00e9es ont \u00e9t\u00e9 viol\u00e9s d&rsquo;une autre mani\u00e8re, vous pouvez d\u00e9poser une plainte aupr\u00e8s de l&rsquo;autorit\u00e9 de contr\u00f4le. <\/p>\t\t\t\t\t\t\t\t<\/div>\n\t\t\t\t<\/div>\n\t\t\t\t\t<\/div>\n\t\t<\/div>\n\t\t\t\t\t<\/div>\n\t\t<\/section>\n\t\t\t\t<\/div>\n\t\t","protected":false},"excerpt":{"rendered":"<p>Mentions l\u00e9gales Adresse de contact HYPOTEQ AGLandvogt Waser-Str. 658405 WinterthurSuisseinfo@hypoteq.ch044 564 73 70 UID : CHE-249.716.201 Personnes autoris\u00e9es \u00e0 repr\u00e9senter<\/p>\n","protected":false},"author":1,"featured_media":0,"parent":0,"menu_order":0,"comment_status":"closed","ping_status":"closed","template":"","meta":{"_acf_changed":false,"inline_featured_image":false,"footnotes":""},"acf":[],"yoast_head":"<!-- This site is optimized with the Yoast SEO plugin v24.5 - https:\/\/yoast.com\/wordpress\/plugins\/seo\/ -->\n<title>Mentions l\u00e9gales - HYPOTEQ AG - g\u00fcnstige Hypothek mit Profi-Beratung<\/title>\n<meta name=\"description\" content=\"HYPOTEQ AG - g\u00fcnstige Hypothek mit Profi-Beratung Mentions l\u00e9gales -\" \/>\n<meta name=\"robots\" content=\"index, follow, max-snippet:-1, max-image-preview:large, max-video-preview:-1\" \/>\n<link rel=\"canonical\" href=\"https:\/\/www.hypoteq.ch\/fr\/mentions-legales\/\" \/>\n<meta property=\"og:locale\" content=\"fr_FR\" \/>\n<meta property=\"og:type\" content=\"article\" \/>\n<meta property=\"og:title\" content=\"Mentions l\u00e9gales - HYPOTEQ AG - g\u00fcnstige Hypothek mit Profi-Beratung\" \/>\n<meta property=\"og:description\" content=\"HYPOTEQ AG - g\u00fcnstige Hypothek mit Profi-Beratung Mentions l\u00e9gales -\" \/>\n<meta property=\"og:url\" content=\"https:\/\/www.hypoteq.ch\/fr\/mentions-legales\/\" \/>\n<meta property=\"og:site_name\" content=\"HYPOTEQ AG - g\u00fcnstige Hypothek mit Profi-Beratung\" \/>\n<meta property=\"article:modified_time\" content=\"2024-08-21T07:14:09+00:00\" \/>\n<meta name=\"twitter:card\" content=\"summary_large_image\" \/>\n<meta name=\"twitter:label1\" content=\"Dur\u00e9e de lecture estim\u00e9e\" \/>\n\t<meta name=\"twitter:data1\" content=\"4 minutes\" \/>\n<script type=\"application\/ld+json\" class=\"yoast-schema-graph\">{\"@context\":\"https:\/\/schema.org\",\"@graph\":[{\"@type\":\"WebPage\",\"@id\":\"https:\/\/www.hypoteq.ch\/fr\/mentions-legales\/\",\"url\":\"https:\/\/www.hypoteq.ch\/fr\/mentions-legales\/\",\"name\":\"Mentions l\u00e9gales - HYPOTEQ AG - g\u00fcnstige Hypothek mit Profi-Beratung\",\"isPartOf\":{\"@id\":\"https:\/\/www.hypoteq.ch\/fr\/#website\"},\"datePublished\":\"2020-03-16T17:55:27+00:00\",\"dateModified\":\"2024-08-21T07:14:09+00:00\",\"description\":\"HYPOTEQ AG - g\u00fcnstige Hypothek mit Profi-Beratung Mentions l\u00e9gales -\",\"breadcrumb\":{\"@id\":\"https:\/\/www.hypoteq.ch\/fr\/mentions-legales\/#breadcrumb\"},\"inLanguage\":\"fr-FR\",\"potentialAction\":[{\"@type\":\"ReadAction\",\"target\":[\"https:\/\/www.hypoteq.ch\/fr\/mentions-legales\/\"]}]},{\"@type\":\"BreadcrumbList\",\"@id\":\"https:\/\/www.hypoteq.ch\/fr\/mentions-legales\/#breadcrumb\",\"itemListElement\":[{\"@type\":\"ListItem\",\"position\":1,\"name\":\"Home\",\"item\":\"https:\/\/www.hypoteq.ch\/fr\/\"},{\"@type\":\"ListItem\",\"position\":2,\"name\":\"Mentions l\u00e9gales\"}]},{\"@type\":\"WebSite\",\"@id\":\"https:\/\/www.hypoteq.ch\/fr\/#website\",\"url\":\"https:\/\/www.hypoteq.ch\/fr\/\",\"name\":\"HYPOTEQ AG - g\u00fcnstige Hypothek mit Profi-Beratung\",\"description\":\"\",\"publisher\":{\"@id\":\"https:\/\/www.hypoteq.ch\/fr\/#organization\"},\"potentialAction\":[{\"@type\":\"SearchAction\",\"target\":{\"@type\":\"EntryPoint\",\"urlTemplate\":\"https:\/\/www.hypoteq.ch\/fr\/?s={search_term_string}\"},\"query-input\":{\"@type\":\"PropertyValueSpecification\",\"valueRequired\":true,\"valueName\":\"search_term_string\"}}],\"inLanguage\":\"fr-FR\"},{\"@type\":\"Organization\",\"@id\":\"https:\/\/www.hypoteq.ch\/fr\/#organization\",\"name\":\"HYPOTEQ AG\",\"url\":\"https:\/\/www.hypoteq.ch\/fr\/\",\"logo\":{\"@type\":\"ImageObject\",\"inLanguage\":\"fr-FR\",\"@id\":\"https:\/\/www.hypoteq.ch\/fr\/#\/schema\/logo\/image\/\",\"url\":\"\",\"contentUrl\":\"\",\"caption\":\"HYPOTEQ AG\"},\"image\":{\"@id\":\"https:\/\/www.hypoteq.ch\/fr\/#\/schema\/logo\/image\/\"}}]}<\/script>\n<!-- \/ Yoast SEO plugin. -->","yoast_head_json":{"title":"Mentions l\u00e9gales - HYPOTEQ AG - g\u00fcnstige Hypothek mit Profi-Beratung","description":"HYPOTEQ AG - g\u00fcnstige Hypothek mit Profi-Beratung Mentions l\u00e9gales -","robots":{"index":"index","follow":"follow","max-snippet":"max-snippet:-1","max-image-preview":"max-image-preview:large","max-video-preview":"max-video-preview:-1"},"canonical":"https:\/\/www.hypoteq.ch\/fr\/mentions-legales\/","og_locale":"fr_FR","og_type":"article","og_title":"Mentions l\u00e9gales - HYPOTEQ AG - g\u00fcnstige Hypothek mit Profi-Beratung","og_description":"HYPOTEQ AG - g\u00fcnstige Hypothek mit Profi-Beratung Mentions l\u00e9gales -","og_url":"https:\/\/www.hypoteq.ch\/fr\/mentions-legales\/","og_site_name":"HYPOTEQ AG - g\u00fcnstige Hypothek mit Profi-Beratung","article_modified_time":"2024-08-21T07:14:09+00:00","twitter_card":"summary_large_image","twitter_misc":{"Dur\u00e9e de lecture estim\u00e9e":"4 minutes"},"schema":{"@context":"https:\/\/schema.org","@graph":[{"@type":"WebPage","@id":"https:\/\/www.hypoteq.ch\/fr\/mentions-legales\/","url":"https:\/\/www.hypoteq.ch\/fr\/mentions-legales\/","name":"Mentions l\u00e9gales - HYPOTEQ AG - g\u00fcnstige Hypothek mit Profi-Beratung","isPartOf":{"@id":"https:\/\/www.hypoteq.ch\/fr\/#website"},"datePublished":"2020-03-16T17:55:27+00:00","dateModified":"2024-08-21T07:14:09+00:00","description":"HYPOTEQ AG - g\u00fcnstige Hypothek mit Profi-Beratung Mentions l\u00e9gales -","breadcrumb":{"@id":"https:\/\/www.hypoteq.ch\/fr\/mentions-legales\/#breadcrumb"},"inLanguage":"fr-FR","potentialAction":[{"@type":"ReadAction","target":["https:\/\/www.hypoteq.ch\/fr\/mentions-legales\/"]}]},{"@type":"BreadcrumbList","@id":"https:\/\/www.hypoteq.ch\/fr\/mentions-legales\/#breadcrumb","itemListElement":[{"@type":"ListItem","position":1,"name":"Home","item":"https:\/\/www.hypoteq.ch\/fr\/"},{"@type":"ListItem","position":2,"name":"Mentions l\u00e9gales"}]},{"@type":"WebSite","@id":"https:\/\/www.hypoteq.ch\/fr\/#website","url":"https:\/\/www.hypoteq.ch\/fr\/","name":"HYPOTEQ AG - g\u00fcnstige Hypothek mit Profi-Beratung","description":"","publisher":{"@id":"https:\/\/www.hypoteq.ch\/fr\/#organization"},"potentialAction":[{"@type":"SearchAction","target":{"@type":"EntryPoint","urlTemplate":"https:\/\/www.hypoteq.ch\/fr\/?s={search_term_string}"},"query-input":{"@type":"PropertyValueSpecification","valueRequired":true,"valueName":"search_term_string"}}],"inLanguage":"fr-FR"},{"@type":"Organization","@id":"https:\/\/www.hypoteq.ch\/fr\/#organization","name":"HYPOTEQ AG","url":"https:\/\/www.hypoteq.ch\/fr\/","logo":{"@type":"ImageObject","inLanguage":"fr-FR","@id":"https:\/\/www.hypoteq.ch\/fr\/#\/schema\/logo\/image\/","url":"","contentUrl":"","caption":"HYPOTEQ AG"},"image":{"@id":"https:\/\/www.hypoteq.ch\/fr\/#\/schema\/logo\/image\/"}}]}},"_links":{"self":[{"href":"https:\/\/www.hypoteq.ch\/fr\/wp-json\/wp\/v2\/pages\/8911"}],"collection":[{"href":"https:\/\/www.hypoteq.ch\/fr\/wp-json\/wp\/v2\/pages"}],"about":[{"href":"https:\/\/www.hypoteq.ch\/fr\/wp-json\/wp\/v2\/types\/page"}],"author":[{"embeddable":true,"href":"https:\/\/www.hypoteq.ch\/fr\/wp-json\/wp\/v2\/users\/1"}],"replies":[{"embeddable":true,"href":"https:\/\/www.hypoteq.ch\/fr\/wp-json\/wp\/v2\/comments?post=8911"}],"version-history":[{"count":1,"href":"https:\/\/www.hypoteq.ch\/fr\/wp-json\/wp\/v2\/pages\/8911\/revisions"}],"predecessor-version":[{"id":8912,"href":"https:\/\/www.hypoteq.ch\/fr\/wp-json\/wp\/v2\/pages\/8911\/revisions\/8912"}],"wp:attachment":[{"href":"https:\/\/www.hypoteq.ch\/fr\/wp-json\/wp\/v2\/media?parent=8911"}],"curies":[{"name":"wp","href":"https:\/\/api.w.org\/{rel}","templated":true}]}}